{"id":15376,"date":"2015-07-19T15:30:29","date_gmt":"2015-07-19T13:30:29","guid":{"rendered":"https:\/\/futureservice.ch\/wp\/?page_id=15376"},"modified":"2018-08-15T20:51:49","modified_gmt":"2018-08-15T18:51:49","slug":"jobs","status":"publish","type":"page","link":"https:\/\/www.futureservice.ch\/wp\/?page_id=15376","title":{"rendered":"Jobs"},"content":{"rendered":"<div class=\"wpb-content-wrapper\"><p>[vc_row][vc_column][vc_custom_heading text=&#8220;Wir suchen&#8230;&#8220; font_container=&#8220;tag:h2|text_align:center&#8220; google_fonts=&#8220;font_family:Roboto%20Slab%3A100%2C300%2Cregular%2C700|font_style:400%20regular%3A400%3Anormal&#8220;][vc_column_text]\u00dcber 25 Jahre Erfahrung im Servicebereich f\u00fcr Ski, Snowboard und Langlauf sprechen f\u00fcr sich.<br \/>\nFuture Service ist eines der gr\u00f6\u00dften Dienstleistungszentren f\u00fcr den Sportfachhandel in der Schweiz.<br \/>\nZur Unterst\u00fctzung unseres Teams suchen wir f\u00fcr die Wintersaison eine einsatzfreudige und wintersportbegeisterte Pers\u00f6nlichkeit als[\/vc_column_text][\/vc_column][\/vc_row][vc_row][vc_column]<div class=\"dt-fancy-separator h3-size title-color\" style=\"width: 100%;\"><div class=\"dt-fancy-title\"><span class=\"separator-holder separator-left\"><\/span>Mitarbeiter\/-in Skiwerkstatt f\u00fcr die Wintersaison 2018\/2019<span class=\"separator-holder separator-right\"><\/span><\/div><\/div>[\/vc_column][\/vc_row][vc_row css=&#8220;.vc_custom_1534358819123{margin-bottom: -50px !important;}&#8220;][vc_column][vc_row_inner][vc_column_inner][vc_separator color=&#8220;white&#8220;][\/vc_column_inner][\/vc_row_inner][vc_column_text]Pensum: 40 \u2013 100% m\u00f6glich!<br \/>\nSaisonmonate: 3 \u2013 6 Monate m\u00f6glich! (in den Monaten Oktober \u2013 April)[\/vc_column_text][\/vc_column][\/vc_row][vc_row][vc_column]<div class=\"dt-fancy-separator title-left h4-size title-color\" style=\"width: 100%;\"><div class=\"dt-fancy-title\"><span class=\"separator-holder separator-left\"><\/span>Folgende Aufgaben erwarten Sie<span class=\"separator-holder separator-right\"><\/span><\/div><\/div><div class=\"smile_icon_list_wrap ult_info_list_container ult-adjust-bottom-margin  \"><ul class=\"smile_icon_list left square with_bg\"><li class=\"icon_list_item\" style=\" font-size:48px;\"><div class=\"icon_list_icon\" data-animation=\"\" data-animation-delay=\"03\" style=\"font-size:16px;border-width:1px;border-style:none;background:#ffffff;color:#333333;border-color:#333333;\"><i class=\"none\" ><\/i><\/div><div class=\"icon_description\" id=\"Info-list-wrap-6128\" style=\"font-size:16px;\"><div class=\"icon_description_text ult-responsive\"  data-ultimate-target='#Info-list-wrap-6128 .icon_description_text'  data-responsive-json-new='{\"font-size\":\"desktop:13px;\",\"line-height\":\"desktop:18px;\"}'  style=\"\"><ul>\n<li>\n<h3>Vorbereiten der Ski und Snowboards f\u00fcr den Servicebetrieb<\/h3>\n<\/li>\n<li>\n<h3>Mithilfe bei den diversen Serviceabl\u00e4ufen an den Schleifroboter<\/h3>\n<\/li>\n<li>\n<h3>Wachsen und Qualit\u00e4tskontrolle der Ski und Snowboards<\/h3>\n<\/li>\n<li>\n<h3>Transport der Serviceware mit dem Kleinbus<\/h3>\n<\/li>\n<li>\n<h3>Unterst\u00fctzung zu einem reibungslosen Ablauf des Serviceprozesses<\/h3>\n<\/li>\n<\/ul>\n<\/div><\/div><div class=\"icon_list_connector\"  style=\"border: none !important;\"><\/div><\/li><\/ul><\/div>[\/vc_column][\/vc_row][vc_row][vc_column]<div class=\"dt-fancy-separator title-left h4-size title-color\" style=\"width: 100%;\"><div class=\"dt-fancy-title\"><span class=\"separator-holder separator-left\"><\/span>Sie bringen mit<span class=\"separator-holder separator-right\"><\/span><\/div><\/div>[\/vc_column][\/vc_row][vc_row][vc_column]<div class=\"smile_icon_list_wrap ult_info_list_container ult-adjust-bottom-margin  \"><ul class=\"smile_icon_list left square with_bg\"><li class=\"icon_list_item\" style=\" font-size:48px;\"><div class=\"icon_list_icon\" data-animation=\"\" data-animation-delay=\"03\" style=\"font-size:16px;border-width:1px;border-style:none;background:#ffffff;color:#333333;border-color:#333333;\"><i class=\"none\" ><\/i><\/div><div class=\"icon_description\" id=\"Info-list-wrap-2312\" style=\"font-size:16px;\"><div class=\"icon_description_text ult-responsive\"  data-ultimate-target='#Info-list-wrap-2312 .icon_description_text'  data-responsive-json-new='{\"font-size\":\"desktop:13px;\",\"line-height\":\"desktop:18px;\"}'  style=\"\"><ul>\n<li>\n<h3>Erfahrung mit Wintersportartikeln<\/h3>\n<\/li>\n<li>\n<h3>Zuverl\u00e4ssigkeit und Pflichtbewusstsein<\/h3>\n<\/li>\n<li>\n<h3>Gepflegtes \u00e4u\u00dferes Erscheinungsbild<\/h3>\n<\/li>\n<li>\n<h3>Belastbarkeit und Bereitschaft \u00dcberstunden zu leisten<\/h3>\n<\/li>\n<li>\n<h3>F\u00fchrerausweis der Kategorie B<\/h3>\n<\/li>\n<li>\n<h3>Einwandfreie Deutschkenntnisse<\/h3>\n<\/li>\n<\/ul>\n<\/div><\/div><div class=\"icon_list_connector\"  style=\"border: none !important;\"><\/div><\/li><\/ul><\/div><div class=\"dt-fancy-separator title-left h4-size title-color\" style=\"width: 100%;\"><div class=\"dt-fancy-title\"><span class=\"separator-holder separator-left\"><\/span>Wir bieten<span class=\"separator-holder separator-right\"><\/span><\/div><\/div><div class=\"smile_icon_list_wrap ult_info_list_container ult-adjust-bottom-margin  \"><ul class=\"smile_icon_list left square with_bg\"><li class=\"icon_list_item\" style=\" font-size:48px;\"><div class=\"icon_list_icon\" data-animation=\"\" data-animation-delay=\"03\" style=\"font-size:16px;border-width:1px;border-style:none;background:#ffffff;color:#333333;border-color:#333333;\"><i class=\"none\" ><\/i><\/div><div class=\"icon_description\" id=\"Info-list-wrap-1320\" style=\"font-size:16px;\"><div class=\"icon_description_text ult-responsive\"  data-ultimate-target='#Info-list-wrap-1320 .icon_description_text'  data-responsive-json-new='{\"font-size\":\"desktop:13px;\",\"line-height\":\"desktop:18px;\"}'  style=\"\"><ul>\n<li>\n<h3>Optimale Einarbeitung<\/h3>\n<\/li>\n<li>\n<h3>Abwechslungsreiche T\u00e4tigkeiten im Serviceprozess<\/h3>\n<\/li>\n<li>\n<h3>Gute Arbeitsbedingungen mit zeitgem\u00e4\u00dfem Sal\u00e4r<\/h3>\n<\/li>\n<li>\n<h3>Famili\u00e4res Arbeitsklima<\/h3>\n<\/li>\n<\/ul>\n<\/div><\/div><div class=\"icon_list_connector\"  style=\"border: none !important;\"><\/div><\/li><\/ul><\/div>[\/vc_column][\/vc_row][vc_row][vc_column][vc_column_text]F\u00fchlen Sie sich angesprochen?<br \/>\nZ\u00f6gern Sie nicht und bewerben Sie sich per E-Mail an: <a href=\"mailto:info@futureservice.ch\">info@futureservice.ch<\/a>[\/vc_column_text][\/vc_column][\/vc_row][vc_row][vc_column width=&#8220;1\/3&#8243;][\/vc_column][vc_column width=&#8220;1\/3&#8243;][vc_column_text]<\/p>\n<p style=\"text-align: right;\"><a class=\"dt-pswp-item\" href=\"https:\/\/www.futureservice.ch\/wp\/wp-content\/uploads\/2015\/07\/skin01r.bottom-bar-logo-hd_fs.png\" data-dt-img-description=\"\" data-large_image_width=\"191\" data-large_image_height=\"80\"><img loading=\"lazy\" decoding=\"async\" class=\"size-full wp-image-14821 alignleft\" src=\"https:\/\/www.futureservice.ch\/wp\/wp-content\/uploads\/2015\/07\/skin01r.bottom-bar-logo-hd_fs.png\" alt=\"\" width=\"191\" height=\"80\" \/><\/a>future service gmbh<br \/>\nWeieren 65<br \/>\n9524 Zuzwil<br \/>\nTel. 071 393 78 88[\/vc_column_text][\/vc_column][vc_column width=&#8220;1\/3&#8243;][\/vc_column][\/vc_row]<\/p>\n<\/div>","protected":false},"excerpt":{"rendered":"<p>[vc_row][vc_column][vc_custom_heading text=&#8220;Wir suchen&#8230;&#8220; font_container=&#8220;tag:h2|text_align:center&#8220; google_fonts=&#8220;font_family:Roboto%20Slab%3A100%2C300%2Cregular%2C700|font_style:400%20regular%3A400%3Anormal&#8220;][vc_column_text]\u00dcber 25 Jahre Erfahrung im Servicebereich f\u00fcr Ski, Snowboard und Langlauf sprechen f\u00fcr sich. Future Service ist eines der gr\u00f6\u00dften Dienstleistungszentren f\u00fcr den Sportfachhandel in der Schweiz. Zur Unterst\u00fctzung unseres Teams suchen wir f\u00fcr die Wintersaison eine einsatzfreudige und wintersportbegeisterte Pers\u00f6nlichkeit als[\/vc_column_text][\/vc_column][\/vc_row][vc_row][vc_column][\/vc_column][\/vc_row][vc_row css=&#8220;.vc_custom_1534358819123{margin-bottom: -50px !important;}&#8220;][vc_column][vc_row_inner][vc_column_inner][vc_separator color=&#8220;white&#8220;][\/vc_column_inner][\/vc_row_inner][vc_column_text]Pensum: 40 \u2013 100% m\u00f6glich! Saisonmonate:&hellip;<\/p>\n","protected":false},"author":1,"featured_media":0,"parent":0,"menu_order":0,"comment_status":"closed","ping_status":"closed","template":"","meta":{"footnotes":""},"class_list":["post-15376","page","type-page","status-publish","hentry","description-off"],"_links":{"self":[{"href":"https:\/\/www.futureservice.ch\/wp\/index.php?rest_route=\/wp\/v2\/pages\/15376","targetHints":{"allow":["GET"]}}],"collection":[{"href":"https:\/\/www.futureservice.ch\/wp\/index.php?rest_route=\/wp\/v2\/pages"}],"about":[{"href":"https:\/\/www.futureservice.ch\/wp\/index.php?rest_route=\/wp\/v2\/types\/page"}],"author":[{"embeddable":true,"href":"https:\/\/www.futureservice.ch\/wp\/index.php?rest_route=\/wp\/v2\/users\/1"}],"replies":[{"embeddable":true,"href":"https:\/\/www.futureservice.ch\/wp\/index.php?rest_route=%2Fwp%2Fv2%2Fcomments&post=15376"}],"version-history":[{"count":0,"href":"https:\/\/www.futureservice.ch\/wp\/index.php?rest_route=\/wp\/v2\/pages\/15376\/revisions"}],"wp:attachment":[{"href":"https:\/\/www.futureservice.ch\/wp\/index.php?rest_route=%2Fwp%2Fv2%2Fmedia&parent=15376"}],"curies":[{"name":"wp","href":"https:\/\/api.w.org\/{rel}","templated":true}]}}