{"id":592,"date":"2015-06-28T11:37:11","date_gmt":"2015-06-28T09:37:11","guid":{"rendered":"http:\/\/the7.dream-demo.com\/business\/?page_id=592"},"modified":"2015-08-15T17:01:35","modified_gmt":"2015-08-15T15:01:35","slug":"homepage-version-1","status":"publish","type":"page","link":"https:\/\/www.futureservice.ch\/wp\/","title":{"rendered":"Homepage version 1"},"content":{"rendered":"<div class=\"wpb-content-wrapper\"><p>[vc_row animation=&#8220;fadeIn&#8220;][vc_column width=&#8220;1\/2&#8243;][vc_column_text]<\/p>\n<h4>Willkommen auf unserer Website!<\/h4>\n<p>[\/vc_column_text][vc_empty_space height=&#8220;16px&#8220;][vc_column_text]<\/p>\n<p style=\"text-align: justify;\">\u00dcber 15 Jahre Erfahrung im Servicebereich Ski, Snowboard, Schlittschuh und Langlauf sprechen f\u00fcr sich. Wir sind eines der gr\u00f6ssten Servicecenter f\u00fcr Wintersportger\u00e4te der Schweiz. Mit unserem jungen, dynamischen und fachkompetenten Team versuchen wir den hohen Qualit\u00e4tsanspruch der Kunden stets mit Sorgfalt und termingerecht zu erf\u00fcllen. Wir verf\u00fcgen \u00fcber einen modernen Maschinenpark und k\u00f6nnen auf unsere eigene Transportflotte z\u00e4hlen.<\/p>\n<p>[\/vc_column_text][\/vc_column][vc_column width=&#8220;1\/4&#8243;][vc_column_text]<\/p>\n<h4>Serviceleistungen<\/h4>\n<p>[\/vc_column_text][vc_empty_space height=&#8220;16px&#8220;][vc_progress_bar values=&#8220;78|Skiservice (78%),15|Snowboardservice (15%),5|Schlittschuhservice (5%),2|Langlaufservice (2%)&#8220; bgcolor=&#8220;custom&#8220; options=&#8220;striped,animated&#8220; caption_pos=&#8220;top&#8220; custombgcolor=&#8220;#2693ff&#8220;][\/vc_column][vc_column width=&#8220;1\/4&#8243;][vc_column_text]<\/p>\n<h4>Servicefilm<\/h4>\n<p>[\/vc_column_text][vc_empty_space height=&#8220;16px&#8220;][vc_column_text]<div id=\"69f0dc1615cbe\" data-grid-id=\"75\" class=\"mg_69f0dc1615cbe mg_grid_wrap mg_grid_75 mg_no_filters mg_deeplink mgom_79\"  data-filtered-per-page=\"0\">        <div class=\"mg_loader \">            <div class=\"mgl_1\"><\/div><div class=\"mgl_2\"><\/div><div class=\"mgl_3\"><\/div><div class=\"mgl_4\"><\/div>        <\/div><div class=\"mg_items_container mgic_pre_show   mgom_txt_vis mgom_sh_vert_center\"  data-mg-pag=\"1\" data-nores-txt=\"no results\" ><div class=\"mg_video mg_box mg_pag_1 mgi_16181 mgi_has_lb mgis_w_1_1 mgis_h_auto mgis_m_w_1_1 mgis_m_h_auto mg_has_txt_under\"  id=\"69f0dc1616ce7928\" data-item-id=\"16181\" data-mg-search=\"servicefilm \"><div class=\"mgi_elems_wrap\"><div class=\"mg_box_inner\" ><div class=\"mg_media_wrap\"><div class=\"mgi_thumb_wrap\" style=\"padding-bottom: 58.3%;\"><div class=\"mgi_thumb mgi_main_thumb mgi_bg_pos_c\" data-fullurl=\"\/\/www.futureservice.ch\/wp\/wp-content\/uploads\/ewpt_cache\/1100x0_85_1_c_FFFFFF_75d6c6b68090b7c4e0b4397ea28b4901.jpg\" data-mobileurl=\"\/\/www.futureservice.ch\/wp\/wp-content\/uploads\/ewpt_cache\/800x0_85_1_c_FFFFFF_75d6c6b68090b7c4e0b4397ea28b4901.jpg\" data-item-title=\"Servicefilm\"><\/div><\/div><noscript><img decoding=\"async\" src=\"\/\/www.futureservice.ch\/wp\/wp-content\/uploads\/ewpt_cache\/1100x0_85_1_c_FFFFFF_75d6c6b68090b7c4e0b4397ea28b4901.jpg\" alt=\"Servicefilm\" \/><\/noscript><\/div><div class=\"mgi_overlays\"><div class=\"mgom_layer mgom_horiz_split_layer mgom_79_0 \" ><div><\/div><\/div><div class=\"mgom_txt_wrap mgom_79_5 \"><div class=\"mgom_layer mgom_title mgom_79_2 \" >Servicefilm<\/div><div class=\"mgom_layer mgom_button mgom_79_3 \" >Video ansehen<\/div><div class=\"mgom_layer mgom_txt_block mgom_79_4 \" ><\/div><\/div><\/div><\/div><\/div><\/div><\/div><\/div><script type=\"text\/javascript\">    (function($) {         \"use strict\";             $(document).ready(function($) {            mg_grid_filters[\"69f0dc1615cbe\"] = [];            $(window).trigger(\"mg_pre_grid_init\", [\"69f0dc1615cbe\", \"75\"]);            if(typeof(mg_init_grid) == \"function\" ) {                mg_init_grid(\"69f0dc1615cbe\", 1);            }            $(window).trigger(\"mg_post_grid_init\", [\"69f0dc1615cbe\", \"75\"]);        });        })(jQuery); <\/script>[\/vc_column_text][\/vc_column][\/vc_row]<\/p>\n<\/div>","protected":false},"excerpt":{"rendered":"<p>[vc_row animation=&#8220;fadeIn&#8220;][vc_column width=&#8220;1\/2&#8243;][vc_column_text] Willkommen auf unserer Website! [\/vc_column_text][vc_empty_space height=&#8220;16px&#8220;][vc_column_text] \u00dcber 15 Jahre Erfahrung im Servicebereich Ski, Snowboard, Schlittschuh und Langlauf sprechen f\u00fcr sich. Wir sind eines der gr\u00f6ssten Servicecenter f\u00fcr Wintersportger\u00e4te der Schweiz. Mit unserem jungen, dynamischen und fachkompetenten Team versuchen wir den hohen Qualit\u00e4tsanspruch der Kunden stets mit Sorgfalt und termingerecht zu erf\u00fcllen. Wir&hellip;<\/p>\n","protected":false},"author":1,"featured_media":0,"parent":834,"menu_order":1,"comment_status":"closed","ping_status":"closed","template":"","meta":{"footnotes":""},"class_list":["post-592","page","type-page","status-publish","hentry","description-off"],"_links":{"self":[{"href":"https:\/\/www.futureservice.ch\/wp\/index.php?rest_route=\/wp\/v2\/pages\/592","targetHints":{"allow":["GET"]}}],"collection":[{"href":"https:\/\/www.futureservice.ch\/wp\/index.php?rest_route=\/wp\/v2\/pages"}],"about":[{"href":"https:\/\/www.futureservice.ch\/wp\/index.php?rest_route=\/wp\/v2\/types\/page"}],"author":[{"embeddable":true,"href":"https:\/\/www.futureservice.ch\/wp\/index.php?rest_route=\/wp\/v2\/users\/1"}],"replies":[{"embeddable":true,"href":"https:\/\/www.futureservice.ch\/wp\/index.php?rest_route=%2Fwp%2Fv2%2Fcomments&post=592"}],"version-history":[{"count":0,"href":"https:\/\/www.futureservice.ch\/wp\/index.php?rest_route=\/wp\/v2\/pages\/592\/revisions"}],"up":[{"embeddable":true,"href":"https:\/\/www.futureservice.ch\/wp\/index.php?rest_route=\/wp\/v2\/pages\/834"}],"wp:attachment":[{"href":"https:\/\/www.futureservice.ch\/wp\/index.php?rest_route=%2Fwp%2Fv2%2Fmedia&parent=592"}],"curies":[{"name":"wp","href":"https:\/\/api.w.org\/{rel}","templated":true}]}}